{"id":407,"date":"2023-10-18T10:03:09","date_gmt":"2023-10-18T09:03:09","guid":{"rendered":"https:\/\/slam.click.si\/?post_type=product&#038;p=407"},"modified":"2025-05-07T07:08:46","modified_gmt":"2025-05-07T07:08:46","slug":"deha-pulover-s-potiskom-2","status":"publish","type":"product","link":"https:\/\/trgovina-slam.si\/en\/product\/deha-pulover-s-potiskom-2\/","title":{"rendered":"DEHA \u2013 Sweater with print"},"content":{"rendered":"<p>Udoben, mehak pulover s potiskom.Primeren za prosti \u010das.<br \/>\nSestava: ZUN:94% BOMBA\u017d 6% ELASTAN, NOT:100% BOMBA\u017d<\/p>","protected":false},"excerpt":{"rendered":"<p>Udoben, mehak pulover s potiskom.Primeren za prosti \u010das. Sestava: ZUN:94% BOMBA\u017d 6% ELASTAN, NOT:100% BOMBA\u017d<\/p>","protected":false},"featured_media":420,"template":"","meta":{"_acf_changed":false,"om_disable_all_campaigns":false,"inline_featured_image":false,"_monsterinsights_skip_tracking":false,"_monsterinsights_sitenote_active":false,"_monsterinsights_sitenote_note":"","_monsterinsights_sitenote_category":0},"spol":[51],"znamke":[79],"product_brand":[],"product_cat":[24],"product_tag":[],"class_list":{"0":"post-407","1":"product","2":"type-product","3":"status-publish","4":"has-post-thumbnail","6":"spol-zenske","7":"znamke-deha","8":"product_cat-puloverji","10":"first","11":"outofstock","12":"taxable","13":"shipping-taxable","14":"purchasable","15":"product-type-variable"},"acf":[],"aioseo_notices":[],"_links":{"self":[{"href":"https:\/\/trgovina-slam.si\/en\/wp-json\/wp\/v2\/product\/407","targetHints":{"allow":["GET"]}}],"collection":[{"href":"https:\/\/trgovina-slam.si\/en\/wp-json\/wp\/v2\/product"}],"about":[{"href":"https:\/\/trgovina-slam.si\/en\/wp-json\/wp\/v2\/types\/product"}],"wp:featuredmedia":[{"embeddable":true,"href":"https:\/\/trgovina-slam.si\/en\/wp-json\/wp\/v2\/media\/420"}],"wp:attachment":[{"href":"https:\/\/trgovina-slam.si\/en\/wp-json\/wp\/v2\/media?parent=407"}],"wp:term":[{"taxonomy":"spol","embeddable":true,"href":"https:\/\/trgovina-slam.si\/en\/wp-json\/wp\/v2\/spol?post=407"},{"taxonomy":"znamke","embeddable":true,"href":"https:\/\/trgovina-slam.si\/en\/wp-json\/wp\/v2\/znamke?post=407"},{"taxonomy":"product_brand","embeddable":true,"href":"https:\/\/trgovina-slam.si\/en\/wp-json\/wp\/v2\/product_brand?post=407"},{"taxonomy":"product_cat","embeddable":true,"href":"https:\/\/trgovina-slam.si\/en\/wp-json\/wp\/v2\/product_cat?post=407"},{"taxonomy":"product_tag","embeddable":true,"href":"https:\/\/trgovina-slam.si\/en\/wp-json\/wp\/v2\/product_tag?post=407"}],"curies":[{"name":"wp","href":"https:\/\/api.w.org\/{rel}","templated":true}]}}