{"id":3,"date":"2023-10-16T08:35:54","date_gmt":"2023-10-16T07:35:54","guid":{"rendered":"https:\/\/slam.click.si\/?page_id=3"},"modified":"2023-11-17T09:38:26","modified_gmt":"2023-11-17T09:38:26","slug":"politika-zasebnosti","status":"publish","type":"page","link":"https:\/\/trgovina-slam.si\/en\/politika-zasebnosti\/","title":{"rendered":"Privacy Policy"},"content":{"rendered":"<div data-elementor-type=\"wp-page\" data-elementor-id=\"3\" class=\"elementor elementor-3\" wpc-filter-elementor-widget=\"1\" data-elementor-post-type=\"page\">\n\t\t\t\t\t\t<section class=\"elementor-section elementor-top-section elementor-element elementor-element-c2d697d elementor-section-boxed elementor-section-height-default elementor-section-height-default\" data-id=\"c2d697d\" data-element_type=\"section\" data-e-type=\"section\">\n\t\t\t\t\t\t<div class=\"elementor-container elementor-column-gap-default\">\n\t\t\t\t\t<div class=\"elementor-column elementor-col-100 elementor-top-column elementor-element elementor-element-8295213\" data-id=\"8295213\" data-element_type=\"column\" data-e-type=\"column\">\n\t\t\t<div class=\"elementor-widget-wrap elementor-element-populated\">\n\t\t\t\t\t\t<div class=\"elementor-element elementor-element-10af028 elementor-widget elementor-widget-text-editor\" data-id=\"10af028\" data-element_type=\"widget\" data-e-type=\"widget\" data-widget_type=\"text-editor.default\">\n\t\t\t\t<div class=\"elementor-widget-container\">\n\t\t\t\t\t<style>.elementor-element-10af028{display:none !important}<\/style>\t\t\t\t<\/div>\n\t\t\t\t<\/div>\n\t\t\t\t<div class=\"elementor-element elementor-element-f9def7b elementor-widget elementor-widget-text-editor\" data-id=\"f9def7b\" data-element_type=\"widget\" data-e-type=\"widget\" data-widget_type=\"text-editor.default\">\n\t\t\t\t<div class=\"elementor-widget-container\">\n\t\t\t\t\t\t\t\t\t<h4>Declaration on the obligation to inform<\/h4><p>The protection of your personal data is very important to us. We process your data exclusively on the basis of legal provisions (General Data Protection Regulation \u2013 Regulation (EU) 2016\/679, Data Protection Amendment Act 2018, Telecommunications Act 2003). In this data protection information, we inform you about important aspects of data processing within our website.<br \/><br \/><\/p><h4>Your information<\/h4><p>Collection and processing of your data<br \/>The processing of personal data that you voluntarily make available to our services and portals is necessary so that we can process your inquiries, orders, requests, etc., prepare and conclude contracts, and send you e-news.<br \/><br \/><\/p><h4>Transmission of data<\/h4><p>Your data within TEKSPRO Ltd. is forwarded only if it serves to fulfill your request or in your interest. We protect the confidentiality of your information and will not sell, rent or make it available to third parties.<\/p><p>Mediation to state institutions and bodies is carried out only within the framework of mandatory national legislation.<br \/><br \/><\/p><h4>Your rights<\/h4><p>In principle, you have the right to information, correction, deletion, restriction, transfer of data, cancellation and objection. If you believe that the processing of your data is in violation of the Data Protection Act or that your data protection rights have been violated in any way, you can file a complaint with the supervisory authority.<\/p><p>You have the right to obtain from TEKSPRO Ltd. you request information about the personal data we have stored about you. In addition, you have the right to request that the data be corrected, deleted, that its processing be restricted or stopped, and that the stored data be forwarded to you or to a third party designated by you in a suitable form.<\/p><p>If your request cannot be processed or will not be processed within one month of receipt, you have the right to lodge a complaint with the supervisory authority. The competent supervisory authority is the Information Commissioner of the Republic of Slovenia.<\/p><p>You can send your requests by post or email to the following addresses:<\/p><p>TEKSPRO Ltd.<br \/>Obala 26<br \/>6320 Portoro\u017e-Portorose<\/p><p>Please provide your contact information, the name of the website or the respective service, and a detailed description of your request or data protection preferences.<\/p><p>Please understand that for your safety against inquiries or claims by unauthorized third parties, we provide information exclusively in writing to the postal address that was provided by you on the respective portals.<\/p>\t\t\t\t\t\t\t\t<\/div>\n\t\t\t\t<\/div>\n\t\t\t\t\t<\/div>\n\t\t<\/div>\n\t\t\t\t\t<\/div>\n\t\t<\/section>\n\t\t\t\t<\/div>","protected":false},"excerpt":{"rendered":"<p>Izjava o obveznosti obve\u0161\u010danjaVarstvo va\u0161ih osebnih podatkov je za nas zelo pomembno. Va\u0161e podatke obdelujemo izklju\u010dno na podlagi zakonskih dolo\u010db (Splo\u0161na uredba o varstvu podatkov \u2013 Uredba (EU) 2016\/679, Zakon o spremembi zakona o varstvu podatkov 2018, Zakon o telekomunikacijah 2003). V pri\u010dujo\u010dih informacijah o varstvu podatkov vas obve\u0161\u010damo o pomembnih vidikih obdelave podatkov v [&hellip;]<\/p>\n","protected":false},"author":1,"featured_media":0,"parent":0,"menu_order":0,"comment_status":"closed","ping_status":"closed","template":"","meta":{"_acf_changed":false,"om_disable_all_campaigns":false,"inline_featured_image":false,"_monsterinsights_skip_tracking":false,"_monsterinsights_sitenote_active":false,"_monsterinsights_sitenote_note":"","_monsterinsights_sitenote_category":0,"footnotes":""},"class_list":["post-3","page","type-page","status-publish","hentry"],"acf":[],"aioseo_notices":[],"_links":{"self":[{"href":"https:\/\/trgovina-slam.si\/en\/wp-json\/wp\/v2\/pages\/3","targetHints":{"allow":["GET"]}}],"collection":[{"href":"https:\/\/trgovina-slam.si\/en\/wp-json\/wp\/v2\/pages"}],"about":[{"href":"https:\/\/trgovina-slam.si\/en\/wp-json\/wp\/v2\/types\/page"}],"author":[{"embeddable":true,"href":"https:\/\/trgovina-slam.si\/en\/wp-json\/wp\/v2\/users\/1"}],"replies":[{"embeddable":true,"href":"https:\/\/trgovina-slam.si\/en\/wp-json\/wp\/v2\/comments?post=3"}],"version-history":[{"count":8,"href":"https:\/\/trgovina-slam.si\/en\/wp-json\/wp\/v2\/pages\/3\/revisions"}],"predecessor-version":[{"id":2025,"href":"https:\/\/trgovina-slam.si\/en\/wp-json\/wp\/v2\/pages\/3\/revisions\/2025"}],"wp:attachment":[{"href":"https:\/\/trgovina-slam.si\/en\/wp-json\/wp\/v2\/media?parent=3"}],"curies":[{"name":"wp","href":"https:\/\/api.w.org\/{rel}","templated":true}]}}