{"id":1998,"date":"2023-11-16T14:28:15","date_gmt":"2023-11-16T14:28:15","guid":{"rendered":"https:\/\/trgovina-slam.si\/?page_id=1998"},"modified":"2023-11-16T14:33:05","modified_gmt":"2023-11-16T14:33:05","slug":"osebni-prevzem","status":"publish","type":"page","link":"https:\/\/trgovina-slam.si\/en\/osebni-prevzem\/","title":{"rendered":"Personal pickup"},"content":{"rendered":"<div data-elementor-type=\"wp-page\" data-elementor-id=\"1998\" class=\"elementor elementor-1998\" wpc-filter-elementor-widget=\"1\" data-elementor-post-type=\"page\">\n\t\t\t\t\t\t<section class=\"elementor-section elementor-top-section elementor-element elementor-element-92ec800 elementor-section-boxed elementor-section-height-default elementor-section-height-default\" data-id=\"92ec800\" data-element_type=\"section\" data-e-type=\"section\">\n\t\t\t\t\t\t<div class=\"elementor-container elementor-column-gap-default\">\n\t\t\t\t\t<div class=\"elementor-column elementor-col-100 elementor-top-column elementor-element elementor-element-35cf2af\" data-id=\"35cf2af\" data-element_type=\"column\" data-e-type=\"column\">\n\t\t\t<div class=\"elementor-widget-wrap elementor-element-populated\">\n\t\t\t\t\t\t<div class=\"elementor-element elementor-element-c4e6121 elementor-widget elementor-widget-text-editor\" data-id=\"c4e6121\" data-element_type=\"widget\" data-e-type=\"widget\" data-widget_type=\"text-editor.default\">\n\t\t\t\t<div class=\"elementor-widget-container\">\n\t\t\t\t\t<style>.elementor-element-c4e6121{display:none !important}<\/style>\t\t\t\t<\/div>\n\t\t\t\t<\/div>\n\t\t\t\t<div class=\"elementor-element elementor-element-f527c1f elementor-widget elementor-widget-text-editor\" data-id=\"f527c1f\" data-element_type=\"widget\" data-e-type=\"widget\" data-widget_type=\"text-editor.default\">\n\t\t\t\t<div class=\"elementor-widget-container\">\n\t\t\t\t\t\t\t\t\t<p>The company TEKSPRO Ltd. offers the possibility of personal pickup of items at the location:<\/p><p>Obala 26<br \/>6320 Portoro\u017e<br \/>Slovenia<\/p><p>The buyer chooses the option of personal pickup of the items at the end of the purchase.<\/p><p>After receiving an e-mail confirming that the order is ready for collection, the customer can already pickup the items at the selected store. We keep the order for you for 5 working days after receiving the email &#8220;Your porder is ready for pickup&#8221;. After the deadline, the order is cancelled.<\/p>\t\t\t\t\t\t\t\t<\/div>\n\t\t\t\t<\/div>\n\t\t\t\t\t<\/div>\n\t\t<\/div>\n\t\t\t\t\t<\/div>\n\t\t<\/section>\n\t\t\t\t<\/div>","protected":false},"excerpt":{"rendered":"<p>Podjetje TEKSPRO d.o.o. ponuja mo\u017enost osebnega prevzema blaga na lokaciji: Obala 266320 Portoro\u017eSlovenija Opcijo osebnega prevzema blaga kupec izbere ob zaklju\u010dku nakupa. Po prejetem elektronskem sporo\u010dilu, ki potrjuje, da je naro\u010dilo pripravljeno za prevzem, lahko kupec \u017ee opravi prevzem blaga v izbrani trgovini. Naro\u010dilo vam hranimo 5 delovnih dni od prejema elektronskega sporo\u010dila \u00bbVa\u0161e naro\u010dilo [&hellip;]<\/p>\n","protected":false},"author":1,"featured_media":0,"parent":0,"menu_order":0,"comment_status":"closed","ping_status":"closed","template":"","meta":{"_acf_changed":false,"om_disable_all_campaigns":false,"inline_featured_image":false,"_monsterinsights_skip_tracking":false,"_monsterinsights_sitenote_active":false,"_monsterinsights_sitenote_note":"","_monsterinsights_sitenote_category":0,"footnotes":""},"class_list":["post-1998","page","type-page","status-publish","hentry"],"acf":[],"aioseo_notices":[],"_links":{"self":[{"href":"https:\/\/trgovina-slam.si\/en\/wp-json\/wp\/v2\/pages\/1998","targetHints":{"allow":["GET"]}}],"collection":[{"href":"https:\/\/trgovina-slam.si\/en\/wp-json\/wp\/v2\/pages"}],"about":[{"href":"https:\/\/trgovina-slam.si\/en\/wp-json\/wp\/v2\/types\/page"}],"author":[{"embeddable":true,"href":"https:\/\/trgovina-slam.si\/en\/wp-json\/wp\/v2\/users\/1"}],"replies":[{"embeddable":true,"href":"https:\/\/trgovina-slam.si\/en\/wp-json\/wp\/v2\/comments?post=1998"}],"version-history":[{"count":4,"href":"https:\/\/trgovina-slam.si\/en\/wp-json\/wp\/v2\/pages\/1998\/revisions"}],"predecessor-version":[{"id":2003,"href":"https:\/\/trgovina-slam.si\/en\/wp-json\/wp\/v2\/pages\/1998\/revisions\/2003"}],"wp:attachment":[{"href":"https:\/\/trgovina-slam.si\/en\/wp-json\/wp\/v2\/media?parent=1998"}],"curies":[{"name":"wp","href":"https:\/\/api.w.org\/{rel}","templated":true}]}}