{"id":1955,"date":"2023-11-16T12:37:47","date_gmt":"2023-11-16T12:37:47","guid":{"rendered":"https:\/\/trgovina-slam.si\/?page_id=1955"},"modified":"2023-11-16T12:42:16","modified_gmt":"2023-11-16T12:42:16","slug":"dostava","status":"publish","type":"page","link":"https:\/\/trgovina-slam.si\/en\/dostava\/","title":{"rendered":"Shipping"},"content":{"rendered":"<div data-elementor-type=\"wp-page\" data-elementor-id=\"1955\" class=\"elementor elementor-1955\" data-elementor-post-type=\"page\">\n\t\t\t\t\t\t<section class=\"elementor-section elementor-top-section elementor-element elementor-element-30f9549 elementor-section-boxed elementor-section-height-default elementor-section-height-default\" data-id=\"30f9549\" data-element_type=\"section\" data-e-type=\"section\">\n\t\t\t\t\t\t<div class=\"elementor-container elementor-column-gap-default\">\n\t\t\t\t\t<div class=\"elementor-column elementor-col-100 elementor-top-column elementor-element elementor-element-4c64226\" data-id=\"4c64226\" data-element_type=\"column\" data-e-type=\"column\">\n\t\t\t<div class=\"elementor-widget-wrap elementor-element-populated\">\n\t\t\t\t\t\t<div class=\"elementor-element elementor-element-140d4aa elementor-widget elementor-widget-text-editor\" data-id=\"140d4aa\" data-element_type=\"widget\" data-e-type=\"widget\" data-widget_type=\"text-editor.default\">\n\t\t\t\t<div class=\"elementor-widget-container\">\n\t\t\t\t\t<style>.elementor-element-140d4aa{display:none !important}<\/style>\t\t\t\t<\/div>\n\t\t\t\t<\/div>\n\t\t\t\t<div class=\"elementor-element elementor-element-48d1ecf elementor-widget elementor-widget-text-editor\" data-id=\"48d1ecf\" data-element_type=\"widget\" data-e-type=\"widget\" data-widget_type=\"text-editor.default\">\n\t\t\t\t<div class=\"elementor-widget-container\">\n\t\t\t\t\t\t\t\t\t<p>The company TEKSPRO Ltd. strives for the fastest possible delivery of ordered goods in the territory of the Republic of Slovenia.<\/p><ul><li>Delivery is carried out in cooperation with Po\u0161ta Slovenije.<\/li><li>In the case of choosing the method of payment by bank transfer to the account of the company TEKSPRO Ltd. (according to the offer\/prospective invoice), the delivery may be delayed, as the order will continue in the processing process after receiving the payment according to the offer\/prospective invoice.<\/li><li>SLAM reserves the right to divide the order into several shipments due to different delivery dates of the items in the order. We will ship items that are in stock immediately, and others as they become available. If you decide on a partial delivery, we will charge you the delivery cost for each shipment separately.<\/li><li>You can collect the shipment in person or have an authorized representative, legal representative or guardian collect it on your behalf.<\/li><li>If you are not at the specified address at the time of delivery, Po\u0161ta Slovenije will send you a message with instructions on where you can pick up the package or who can you contact to have the package redelivered to you.<\/li><li>You will receive the invoice for your order within 24 hours to the e-mail address with which you submitted the online order.<\/li><\/ul><p>\u00a0<\/p><p>The delivery time of the items is 3 to 5 days and starts on the next working day after the order is confirmed. Saturdays, Sundays and holidays are not included in the delivery time. TEKSPRO Ltd. reserves the right to deliver partial shipments.<\/p><p>In the event that, due to unforeseen circumstances (extraordinary weather conditions, delays in postal services, delays due to the effects of the infectious disease Covid-19, etc.), the company TEKSPRO Ltd. will not be able to deliver the ordered products within the estimated delivery time, the customer will be notified of this via e-mail or phone and offered him a new delivery date. In this case, the buyer has the right to withdraw from the contract free of charge.<\/p>\t\t\t\t\t\t\t\t<\/div>\n\t\t\t\t<\/div>\n\t\t\t\t\t<\/div>\n\t\t<\/div>\n\t\t\t\t\t<\/div>\n\t\t<\/section>\n\t\t\t\t<\/div>","protected":false},"excerpt":{"rendered":"<p>Podjetje TEKSPRO d.o.o. si prizadeva za najhitrej\u0161o mo\u017eno dostavo naro\u010denega blaga na obmo\u010dju Republike Slovenije. Dostavo izvaja v sodelovanju s Po\u0161to Slovenije. V primeru izbire na\u010dina pla\u010dila z nakazilom na ra\u010dun podjetja TEKSPRO d.o.o. (po ponudbi\/predra\u010dunu) se lahko dostava zamakne, saj gre naro\u010dilo naprej v proces obdelave po prejemu pla\u010dila po ponudbi\/predra\u010dunu. SLAM si pridr\u017euje [&hellip;]<\/p>\n","protected":false},"author":1,"featured_media":0,"parent":0,"menu_order":0,"comment_status":"closed","ping_status":"closed","template":"","meta":{"_acf_changed":false,"om_disable_all_campaigns":false,"inline_featured_image":false,"_monsterinsights_skip_tracking":false,"_monsterinsights_sitenote_active":false,"_monsterinsights_sitenote_note":"","_monsterinsights_sitenote_category":0,"footnotes":""},"class_list":["post-1955","page","type-page","status-publish","hentry"],"acf":[],"aioseo_notices":[],"_links":{"self":[{"href":"https:\/\/trgovina-slam.si\/en\/wp-json\/wp\/v2\/pages\/1955","targetHints":{"allow":["GET"]}}],"collection":[{"href":"https:\/\/trgovina-slam.si\/en\/wp-json\/wp\/v2\/pages"}],"about":[{"href":"https:\/\/trgovina-slam.si\/en\/wp-json\/wp\/v2\/types\/page"}],"author":[{"embeddable":true,"href":"https:\/\/trgovina-slam.si\/en\/wp-json\/wp\/v2\/users\/1"}],"replies":[{"embeddable":true,"href":"https:\/\/trgovina-slam.si\/en\/wp-json\/wp\/v2\/comments?post=1955"}],"version-history":[{"count":4,"href":"https:\/\/trgovina-slam.si\/en\/wp-json\/wp\/v2\/pages\/1955\/revisions"}],"predecessor-version":[{"id":1959,"href":"https:\/\/trgovina-slam.si\/en\/wp-json\/wp\/v2\/pages\/1955\/revisions\/1959"}],"wp:attachment":[{"href":"https:\/\/trgovina-slam.si\/en\/wp-json\/wp\/v2\/media?parent=1955"}],"curies":[{"name":"wp","href":"https:\/\/api.w.org\/{rel}","templated":true}]}}