{"id":1929,"date":"2023-11-16T12:02:34","date_gmt":"2023-11-16T12:02:34","guid":{"rendered":"https:\/\/trgovina-slam.si\/?page_id=1929"},"modified":"2023-11-16T12:23:48","modified_gmt":"2023-11-16T12:23:48","slug":"nacin-placila","status":"publish","type":"page","link":"https:\/\/trgovina-slam.si\/en\/nacin-placila\/","title":{"rendered":"Payment methods"},"content":{"rendered":"<div data-elementor-type=\"wp-page\" data-elementor-id=\"1929\" class=\"elementor elementor-1929\" data-elementor-post-type=\"page\">\n\t\t\t\t\t\t<section class=\"elementor-section elementor-top-section elementor-element elementor-element-1cd9267 elementor-section-boxed elementor-section-height-default elementor-section-height-default\" data-id=\"1cd9267\" data-element_type=\"section\" data-e-type=\"section\">\n\t\t\t\t\t\t<div class=\"elementor-container elementor-column-gap-default\">\n\t\t\t\t\t<div class=\"elementor-column elementor-col-100 elementor-top-column elementor-element elementor-element-2f79435\" data-id=\"2f79435\" data-element_type=\"column\" data-e-type=\"column\">\n\t\t\t<div class=\"elementor-widget-wrap elementor-element-populated\">\n\t\t\t\t\t\t<div class=\"elementor-element elementor-element-77346eb elementor-widget elementor-widget-text-editor\" data-id=\"77346eb\" data-element_type=\"widget\" data-e-type=\"widget\" data-widget_type=\"text-editor.default\">\n\t\t\t\t<div class=\"elementor-widget-container\">\n\t\t\t\t\t<style>.elementor-element-77346eb{display:none !important}<\/style>\t\t\t\t<\/div>\n\t\t\t\t<\/div>\n\t\t\t\t<div class=\"elementor-element elementor-element-9c45187 elementor-widget elementor-widget-text-editor\" data-id=\"9c45187\" data-element_type=\"widget\" data-e-type=\"widget\" data-widget_type=\"text-editor.default\">\n\t\t\t\t<div class=\"elementor-widget-container\">\n\t\t\t\t\t\t\t\t\t<ul><li>payment with the PayPal service (click on the blue button with the inscription &#8221; Pay with PayPal &#8220;, a window appears where you need to enter the username and password of the PayPal account);<\/li><li>with cash on delivery;<\/li><li>payment by direct debit to a credit card (Visa, MasterCard, Maestro, AmericanExpress );<\/li><\/ul><p>\u00a0<\/p><p>Shopping with payment cards at the online store by company TEKSPRO Ltd. is completely safe. Measures are provided that comply with national and European legislation governing payment services. The measures are aimed at reducing fraud in online payments.<\/p>\t\t\t\t\t\t\t\t<\/div>\n\t\t\t\t<\/div>\n\t\t\t\t\t<\/div>\n\t\t<\/div>\n\t\t\t\t\t<\/div>\n\t\t<\/section>\n\t\t\t\t<\/div>","protected":false},"excerpt":{"rendered":"<p>pla\u010dilo s storitvijo PayPal (klik na moder gumb z napisom \u00bbPay with PayPal\u00ab, pojavi se okno, kamor je potrebno vpisati uporabni\u0161ko ime ter geslo PayPal ra\u010duna); s pla\u010dilom po povzetju; pla\u010dilo z neposredno bremenitvijo kreditne kartice (Visa, MasterCard, Maestro, AmericanExpress); \u00a0 Nakupovanje s pla\u010dilnimi karticami na spletni trgovini podjetja TEKSPRO d.o.o. je popolnoma varno. Zagotovljeni [&hellip;]<\/p>\n","protected":false},"author":1,"featured_media":0,"parent":0,"menu_order":0,"comment_status":"closed","ping_status":"closed","template":"","meta":{"_acf_changed":false,"om_disable_all_campaigns":false,"inline_featured_image":false,"_monsterinsights_skip_tracking":false,"_monsterinsights_sitenote_active":false,"_monsterinsights_sitenote_note":"","_monsterinsights_sitenote_category":0,"footnotes":""},"class_list":["post-1929","page","type-page","status-publish","hentry"],"acf":[],"aioseo_notices":[],"_links":{"self":[{"href":"https:\/\/trgovina-slam.si\/en\/wp-json\/wp\/v2\/pages\/1929","targetHints":{"allow":["GET"]}}],"collection":[{"href":"https:\/\/trgovina-slam.si\/en\/wp-json\/wp\/v2\/pages"}],"about":[{"href":"https:\/\/trgovina-slam.si\/en\/wp-json\/wp\/v2\/types\/page"}],"author":[{"embeddable":true,"href":"https:\/\/trgovina-slam.si\/en\/wp-json\/wp\/v2\/users\/1"}],"replies":[{"embeddable":true,"href":"https:\/\/trgovina-slam.si\/en\/wp-json\/wp\/v2\/comments?post=1929"}],"version-history":[{"count":10,"href":"https:\/\/trgovina-slam.si\/en\/wp-json\/wp\/v2\/pages\/1929\/revisions"}],"predecessor-version":[{"id":1951,"href":"https:\/\/trgovina-slam.si\/en\/wp-json\/wp\/v2\/pages\/1929\/revisions\/1951"}],"wp:attachment":[{"href":"https:\/\/trgovina-slam.si\/en\/wp-json\/wp\/v2\/media?parent=1929"}],"curies":[{"name":"wp","href":"https:\/\/api.w.org\/{rel}","templated":true}]}}