{"id":1245,"date":"2023-10-23T14:45:28","date_gmt":"2023-10-23T13:45:28","guid":{"rendered":"https:\/\/slam.click.si\/?page_id=1245"},"modified":"2023-11-08T14:33:53","modified_gmt":"2023-11-08T13:33:53","slug":"znamke","status":"publish","type":"page","link":"https:\/\/trgovina-slam.si\/en\/znamke\/","title":{"rendered":"Brands"},"content":{"rendered":"<div data-elementor-type=\"wp-page\" data-elementor-id=\"1245\" class=\"elementor elementor-1245\" data-elementor-post-type=\"page\">\n\t\t\t\t\t\t<section class=\"elementor-section elementor-top-section elementor-element elementor-element-434840c elementor-section-boxed elementor-section-height-default elementor-section-height-default\" data-id=\"434840c\" data-element_type=\"section\" data-e-type=\"section\">\n\t\t\t\t\t\t<div class=\"elementor-container elementor-column-gap-default\">\n\t\t\t\t\t<div class=\"elementor-column elementor-col-100 elementor-top-column elementor-element elementor-element-34ca369\" data-id=\"34ca369\" data-element_type=\"column\" data-e-type=\"column\">\n\t\t\t<div class=\"elementor-widget-wrap elementor-element-populated\">\n\t\t\t\t\t\t\t<\/div>\n\t\t<\/div>\n\t\t\t\t\t<\/div>\n\t\t<\/section>\n\t\t\t\t<section class=\"elementor-section elementor-top-section elementor-element elementor-element-d5f36a1 elementor-section-content-middle elementor-hidden-mobile elementor-section-boxed elementor-section-height-default elementor-section-height-default\" data-id=\"d5f36a1\" data-element_type=\"section\" data-e-type=\"section\">\n\t\t\t\t\t\t<div class=\"elementor-container elementor-column-gap-default\">\n\t\t\t\t\t<div class=\"elementor-column elementor-col-50 elementor-top-column elementor-element elementor-element-13cfc20\" data-id=\"13cfc20\" data-element_type=\"column\" data-e-type=\"column\">\n\t\t\t<div class=\"elementor-widget-wrap elementor-element-populated\">\n\t\t\t\t\t\t<div class=\"elementor-element elementor-element-fc48ae7 elementor-widget elementor-widget-image\" data-id=\"fc48ae7\" data-element_type=\"widget\" data-e-type=\"widget\" data-widget_type=\"image.default\">\n\t\t\t\t<div class=\"elementor-widget-container\">\n\t\t\t\t\t\t\t\t\t\t\t\t\t\t\t\t<a href=\"\/en\/znamke\/rihunik\/\">\n\t\t\t\t\t\t\t<img fetchpriority=\"high\" decoding=\"async\" width=\"800\" height=\"519\" src=\"https:\/\/trgovina-slam.si\/wp-content\/uploads\/2023\/10\/fp-znamke-rihunik-1024x664.jpg\" class=\"attachment-large size-large wp-image-944\" alt=\"\" srcset=\"https:\/\/trgovina-slam.si\/wp-content\/uploads\/2023\/10\/fp-znamke-rihunik-1024x664.jpg 1024w, https:\/\/trgovina-slam.si\/wp-content\/uploads\/2023\/10\/fp-znamke-rihunik-300x194.jpg 300w, https:\/\/trgovina-slam.si\/wp-content\/uploads\/2023\/10\/fp-znamke-rihunik-600x389.jpg 600w, https:\/\/trgovina-slam.si\/wp-content\/uploads\/2023\/10\/fp-znamke-rihunik-768x498.jpg 768w, https:\/\/trgovina-slam.si\/wp-content\/uploads\/2023\/10\/fp-znamke-rihunik.jpg 1080w\" sizes=\"(max-width: 800px) 100vw, 800px\" \/>\t\t\t\t\t\t\t\t<\/a>\n\t\t\t\t\t\t\t\t\t\t\t\t\t\t\t<\/div>\n\t\t\t\t<\/div>\n\t\t\t\t\t<\/div>\n\t\t<\/div>\n\t\t\t\t<div class=\"elementor-column elementor-col-50 elementor-top-column elementor-element elementor-element-fcec6e2\" data-id=\"fcec6e2\" data-element_type=\"column\" data-e-type=\"column\" data-settings=\"{&quot;background_background&quot;:&quot;classic&quot;}\">\n\t\t\t<div class=\"elementor-widget-wrap elementor-element-populated\">\n\t\t\t\t<a class=\"eael-wrapper-link-7e3692f --eael-wrapper-link-tag\" href=\"\/en\/znamke\/rihunik\/\"><\/a>\t\t<div data-eael-wrapper-link=\"eael-wrapper-link-7e3692f\" class=\"elementor-element elementor-element-7e3692f elementor-widget__width-initial elementor-absolute brand-label elementor-widget elementor-widget-text-editor\" data-id=\"7e3692f\" data-element_type=\"widget\" data-e-type=\"widget\" data-settings=\"{&quot;_position&quot;:&quot;absolute&quot;}\" data-widget_type=\"text-editor.default\">\n\t\t\t\t<div class=\"elementor-widget-container\">\n\t\t\t\t\t\t\t\t\t<p><img decoding=\"async\" class=\"alignnone wp-image-946\" src=\"https:\/\/trgovina-slam.si\/wp-content\/uploads\/2023\/10\/logo_logo.svg\" alt=\"\" width=\"216\" height=\"47\" \/><\/p><p>Rihunik products represent the value of the brand. The inspiration for the collections comes from the constant search for mixing modernity and functionality.<\/p>\t\t\t\t\t\t\t\t<\/div>\n\t\t\t\t<\/div>\n\t\t\t\t\t<\/div>\n\t\t<\/div>\n\t\t\t\t\t<\/div>\n\t\t<\/section>\n\t\t\t\t<section class=\"elementor-section elementor-top-section elementor-element elementor-element-3a1a295 elementor-section-content-middle elementor-hidden-mobile elementor-section-boxed elementor-section-height-default elementor-section-height-default\" data-id=\"3a1a295\" data-element_type=\"section\" data-e-type=\"section\">\n\t\t\t\t\t\t<div class=\"elementor-container elementor-column-gap-default\">\n\t\t\t\t\t<div class=\"elementor-column elementor-col-50 elementor-top-column elementor-element elementor-element-a15068e\" data-id=\"a15068e\" data-element_type=\"column\" data-e-type=\"column\">\n\t\t\t<div class=\"elementor-widget-wrap elementor-element-populated\">\n\t\t\t\t<a class=\"eael-wrapper-link-60a855f --eael-wrapper-link-tag\" href=\"\/en\/znamke\/deha\/\"><\/a>\t\t<div data-eael-wrapper-link=\"eael-wrapper-link-60a855f\" class=\"elementor-element elementor-element-60a855f elementor-widget__width-initial elementor-absolute brand-label elementor-widget elementor-widget-text-editor\" data-id=\"60a855f\" data-element_type=\"widget\" data-e-type=\"widget\" data-settings=\"{&quot;_position&quot;:&quot;absolute&quot;}\" data-widget_type=\"text-editor.default\">\n\t\t\t\t<div class=\"elementor-widget-container\">\n\t\t\t\t\t\t\t\t\t<p><img decoding=\"async\" class=\"alignnone wp-image-947 size-medium\" src=\"https:\/\/trgovina-slam.si\/wp-content\/uploads\/2023\/10\/logo-02.svg\" alt=\"\" width=\"300\" height=\"300\" \/><\/p><p>We celebrate the feminine energy by researching the best materials and taking care of the details.<\/p><p>#FeelYourRhythm<\/p>\t\t\t\t\t\t\t\t<\/div>\n\t\t\t\t<\/div>\n\t\t\t\t\t<\/div>\n\t\t<\/div>\n\t\t\t\t<div class=\"elementor-column elementor-col-50 elementor-top-column elementor-element elementor-element-18ed79b\" data-id=\"18ed79b\" data-element_type=\"column\" data-e-type=\"column\">\n\t\t\t<div class=\"elementor-widget-wrap elementor-element-populated\">\n\t\t\t\t\t\t<div class=\"elementor-element elementor-element-3ae69a8 elementor-widget__width-initial elementor-widget elementor-widget-image\" data-id=\"3ae69a8\" data-element_type=\"widget\" data-e-type=\"widget\" data-widget_type=\"image.default\">\n\t\t\t\t<div class=\"elementor-widget-container\">\n\t\t\t\t\t\t\t\t\t\t\t\t\t\t\t\t<a href=\"\/en\/znamke\/deha\/\">\n\t\t\t\t\t\t\t<img loading=\"lazy\" decoding=\"async\" width=\"800\" height=\"519\" src=\"https:\/\/trgovina-slam.si\/wp-content\/uploads\/2023\/10\/fp-znamke-deha-1024x664.jpg\" class=\"attachment-large size-large wp-image-945\" alt=\"\" srcset=\"https:\/\/trgovina-slam.si\/wp-content\/uploads\/2023\/10\/fp-znamke-deha-1024x664.jpg 1024w, https:\/\/trgovina-slam.si\/wp-content\/uploads\/2023\/10\/fp-znamke-deha-300x194.jpg 300w, https:\/\/trgovina-slam.si\/wp-content\/uploads\/2023\/10\/fp-znamke-deha-600x389.jpg 600w, https:\/\/trgovina-slam.si\/wp-content\/uploads\/2023\/10\/fp-znamke-deha-768x498.jpg 768w, https:\/\/trgovina-slam.si\/wp-content\/uploads\/2023\/10\/fp-znamke-deha.jpg 1080w\" sizes=\"(max-width: 800px) 100vw, 800px\" \/>\t\t\t\t\t\t\t\t<\/a>\n\t\t\t\t\t\t\t\t\t\t\t\t\t\t\t<\/div>\n\t\t\t\t<\/div>\n\t\t\t\t\t<\/div>\n\t\t<\/div>\n\t\t\t\t\t<\/div>\n\t\t<\/section>\n\t\t\t\t<section class=\"elementor-section elementor-top-section elementor-element elementor-element-0625f56 elementor-section-content-middle elementor-hidden-mobile elementor-section-boxed elementor-section-height-default elementor-section-height-default\" data-id=\"0625f56\" data-element_type=\"section\" data-e-type=\"section\">\n\t\t\t\t\t\t<div class=\"elementor-container elementor-column-gap-default\">\n\t\t\t\t\t<div class=\"elementor-column elementor-col-50 elementor-top-column elementor-element elementor-element-04cde6d\" data-id=\"04cde6d\" data-element_type=\"column\" data-e-type=\"column\">\n\t\t\t<div class=\"elementor-widget-wrap elementor-element-populated\">\n\t\t\t\t\t\t<div class=\"elementor-element elementor-element-4a9cea9 elementor-widget elementor-widget-image\" data-id=\"4a9cea9\" data-element_type=\"widget\" data-e-type=\"widget\" data-widget_type=\"image.default\">\n\t\t\t\t<div class=\"elementor-widget-container\">\n\t\t\t\t\t\t\t\t\t\t\t\t\t\t\t\t<a href=\"\/en\/znamka\/marina-yachting\/\">\n\t\t\t\t\t\t\t<img loading=\"lazy\" decoding=\"async\" width=\"511\" height=\"364\" src=\"https:\/\/trgovina-slam.si\/wp-content\/uploads\/2023\/10\/marina-yachting-banner.png\" class=\"attachment-large size-large wp-image-1250\" alt=\"\" srcset=\"https:\/\/trgovina-slam.si\/wp-content\/uploads\/2023\/10\/marina-yachting-banner.png 511w, https:\/\/trgovina-slam.si\/wp-content\/uploads\/2023\/10\/marina-yachting-banner-300x214.png 300w\" sizes=\"(max-width: 511px) 100vw, 511px\" \/>\t\t\t\t\t\t\t\t<\/a>\n\t\t\t\t\t\t\t\t\t\t\t\t\t\t\t<\/div>\n\t\t\t\t<\/div>\n\t\t\t\t\t<\/div>\n\t\t<\/div>\n\t\t\t\t<div class=\"elementor-column elementor-col-50 elementor-top-column elementor-element elementor-element-c40d4f1\" data-id=\"c40d4f1\" data-element_type=\"column\" data-e-type=\"column\" data-settings=\"{&quot;background_background&quot;:&quot;classic&quot;}\">\n\t\t\t<div class=\"elementor-widget-wrap elementor-element-populated\">\n\t\t\t\t<a class=\"eael-wrapper-link-f137b7d --eael-wrapper-link-tag\" href=\"\/en\/znamke\/marina-yachting\/\"><\/a>\t\t<div data-eael-wrapper-link=\"eael-wrapper-link-f137b7d\" class=\"elementor-element elementor-element-f137b7d elementor-widget__width-initial elementor-absolute brand-label elementor-widget elementor-widget-text-editor\" data-id=\"f137b7d\" data-element_type=\"widget\" data-e-type=\"widget\" data-settings=\"{&quot;_position&quot;:&quot;absolute&quot;}\" data-widget_type=\"text-editor.default\">\n\t\t\t\t<div class=\"elementor-widget-container\">\n\t\t\t\t\t\t\t\t\t<p><img loading=\"lazy\" decoding=\"async\" class=\"alignnone wp-image-1255\" src=\"https:\/\/trgovina-slam.si\/wp-content\/uploads\/2023\/10\/marina-yachting-logo-white.png\" alt=\"\" width=\"287\" height=\"100\" srcset=\"https:\/\/trgovina-slam.si\/wp-content\/uploads\/2023\/10\/marina-yachting-logo-white.png 902w, https:\/\/trgovina-slam.si\/wp-content\/uploads\/2023\/10\/marina-yachting-logo-white-300x104.png 300w, https:\/\/trgovina-slam.si\/wp-content\/uploads\/2023\/10\/marina-yachting-logo-white-600x209.png 600w, https:\/\/trgovina-slam.si\/wp-content\/uploads\/2023\/10\/marina-yachting-logo-white-768x267.png 768w\" sizes=\"(max-width: 287px) 100vw, 287px\" \/><\/p><p>Exceptional design, freedom, uniqueness and love of the sea: these are the values \u200b\u200bembodied by Marina Yachting.<\/p>\t\t\t\t\t\t\t\t<\/div>\n\t\t\t\t<\/div>\n\t\t\t\t\t<\/div>\n\t\t<\/div>\n\t\t\t\t\t<\/div>\n\t\t<\/section>\n\t\t\t\t<section class=\"elementor-section elementor-top-section elementor-element elementor-element-358c64e elementor-section-content-middle elementor-reverse-mobile elementor-hidden-desktop elementor-hidden-tablet elementor-section-boxed elementor-section-height-default elementor-section-height-default\" data-id=\"358c64e\" data-element_type=\"section\" data-e-type=\"section\">\n\t\t\t\t\t\t<div class=\"elementor-container elementor-column-gap-default\">\n\t\t\t\t\t<div class=\"elementor-column elementor-col-50 elementor-top-column elementor-element elementor-element-97e91b1\" data-id=\"97e91b1\" data-element_type=\"column\" data-e-type=\"column\">\n\t\t\t<div class=\"elementor-widget-wrap elementor-element-populated\">\n\t\t\t\t\t\t<div class=\"elementor-element elementor-element-7a3ae1b elementor-widget elementor-widget-image\" data-id=\"7a3ae1b\" data-element_type=\"widget\" data-e-type=\"widget\" data-widget_type=\"image.default\">\n\t\t\t\t<div class=\"elementor-widget-container\">\n\t\t\t\t\t\t\t\t\t\t\t\t\t\t\t\t<a href=\"\/en\/znamke\/rihunik\/\">\n\t\t\t\t\t\t\t<img fetchpriority=\"high\" decoding=\"async\" width=\"800\" height=\"519\" src=\"https:\/\/trgovina-slam.si\/wp-content\/uploads\/2023\/10\/fp-znamke-rihunik-1024x664.jpg\" class=\"attachment-large size-large wp-image-944\" alt=\"\" srcset=\"https:\/\/trgovina-slam.si\/wp-content\/uploads\/2023\/10\/fp-znamke-rihunik-1024x664.jpg 1024w, https:\/\/trgovina-slam.si\/wp-content\/uploads\/2023\/10\/fp-znamke-rihunik-300x194.jpg 300w, https:\/\/trgovina-slam.si\/wp-content\/uploads\/2023\/10\/fp-znamke-rihunik-600x389.jpg 600w, https:\/\/trgovina-slam.si\/wp-content\/uploads\/2023\/10\/fp-znamke-rihunik-768x498.jpg 768w, https:\/\/trgovina-slam.si\/wp-content\/uploads\/2023\/10\/fp-znamke-rihunik.jpg 1080w\" sizes=\"(max-width: 800px) 100vw, 800px\" \/>\t\t\t\t\t\t\t\t<\/a>\n\t\t\t\t\t\t\t\t\t\t\t\t\t\t\t<\/div>\n\t\t\t\t<\/div>\n\t\t\t\t\t<\/div>\n\t\t<\/div>\n\t\t\t\t<div class=\"elementor-column elementor-col-50 elementor-top-column elementor-element elementor-element-dc727e6\" data-id=\"dc727e6\" data-element_type=\"column\" data-e-type=\"column\" data-settings=\"{&quot;background_background&quot;:&quot;classic&quot;}\">\n\t\t\t<div class=\"elementor-widget-wrap elementor-element-populated\">\n\t\t\t\t<a class=\"eael-wrapper-link-81684e4 --eael-wrapper-link-tag\" href=\"\/en\/znamke\/rihunik\/\"><\/a>\t\t<div data-eael-wrapper-link=\"eael-wrapper-link-81684e4\" class=\"elementor-element elementor-element-81684e4 elementor-widget__width-initial brand-label elementor-widget-mobile__width-initial elementor-widget elementor-widget-text-editor\" data-id=\"81684e4\" data-element_type=\"widget\" data-e-type=\"widget\" data-widget_type=\"text-editor.default\">\n\t\t\t\t<div class=\"elementor-widget-container\">\n\t\t\t\t\t\t\t\t\t<p><img loading=\"lazy\" decoding=\"async\" class=\"alignnone wp-image-946 size-large\" src=\"https:\/\/trgovina-slam.si\/wp-content\/uploads\/2023\/10\/logo_logo.svg\" alt=\"\" width=\"200\" height=\"200\" \/><\/p><p>Rihunik products represent the value of the brand. The inspiration for the collections comes from the constant search for mixing modernity and functionality.<\/p>\t\t\t\t\t\t\t\t<\/div>\n\t\t\t\t<\/div>\n\t\t\t\t\t<\/div>\n\t\t<\/div>\n\t\t\t\t\t<\/div>\n\t\t<\/section>\n\t\t\t\t<section class=\"elementor-section elementor-top-section elementor-element elementor-element-d35063f elementor-section-content-middle elementor-hidden-desktop elementor-hidden-tablet elementor-section-boxed elementor-section-height-default elementor-section-height-default\" data-id=\"d35063f\" data-element_type=\"section\" data-e-type=\"section\">\n\t\t\t\t\t\t<div class=\"elementor-container elementor-column-gap-default\">\n\t\t\t\t\t<div class=\"elementor-column elementor-col-50 elementor-top-column elementor-element elementor-element-b0ed599\" data-id=\"b0ed599\" data-element_type=\"column\" data-e-type=\"column\">\n\t\t\t<div class=\"elementor-widget-wrap elementor-element-populated\">\n\t\t\t\t<a class=\"eael-wrapper-link-6b213a1 --eael-wrapper-link-tag\" href=\"\/en\/znamke\/deha\/\"><\/a>\t\t<div data-eael-wrapper-link=\"eael-wrapper-link-6b213a1\" class=\"elementor-element elementor-element-6b213a1 elementor-widget__width-initial brand-label elementor-widget elementor-widget-text-editor\" data-id=\"6b213a1\" data-element_type=\"widget\" data-e-type=\"widget\" data-widget_type=\"text-editor.default\">\n\t\t\t\t<div class=\"elementor-widget-container\">\n\t\t\t\t\t\t\t\t\t<p><img decoding=\"async\" class=\"alignnone wp-image-947 size-medium\" src=\"https:\/\/trgovina-slam.si\/wp-content\/uploads\/2023\/10\/logo-02.svg\" alt=\"\" width=\"300\" height=\"300\" \/><\/p><p>We celebrate the feminine energy by researching the best materials and taking care of the details.<\/p><p>#FeelYourRhythm<\/p>\t\t\t\t\t\t\t\t<\/div>\n\t\t\t\t<\/div>\n\t\t\t\t\t<\/div>\n\t\t<\/div>\n\t\t\t\t<div class=\"elementor-column elementor-col-50 elementor-top-column elementor-element elementor-element-dc9e460\" data-id=\"dc9e460\" data-element_type=\"column\" data-e-type=\"column\">\n\t\t\t<div class=\"elementor-widget-wrap elementor-element-populated\">\n\t\t\t\t\t\t<div class=\"elementor-element elementor-element-31dbab0 elementor-widget__width-initial elementor-widget elementor-widget-image\" data-id=\"31dbab0\" data-element_type=\"widget\" data-e-type=\"widget\" data-widget_type=\"image.default\">\n\t\t\t\t<div class=\"elementor-widget-container\">\n\t\t\t\t\t\t\t\t\t\t\t\t\t\t\t\t<a href=\"\/en\/znamke\/deha\/\">\n\t\t\t\t\t\t\t<img loading=\"lazy\" decoding=\"async\" width=\"800\" height=\"519\" src=\"https:\/\/trgovina-slam.si\/wp-content\/uploads\/2023\/10\/fp-znamke-deha-1024x664.jpg\" class=\"attachment-large size-large wp-image-945\" alt=\"\" srcset=\"https:\/\/trgovina-slam.si\/wp-content\/uploads\/2023\/10\/fp-znamke-deha-1024x664.jpg 1024w, https:\/\/trgovina-slam.si\/wp-content\/uploads\/2023\/10\/fp-znamke-deha-300x194.jpg 300w, https:\/\/trgovina-slam.si\/wp-content\/uploads\/2023\/10\/fp-znamke-deha-600x389.jpg 600w, https:\/\/trgovina-slam.si\/wp-content\/uploads\/2023\/10\/fp-znamke-deha-768x498.jpg 768w, https:\/\/trgovina-slam.si\/wp-content\/uploads\/2023\/10\/fp-znamke-deha.jpg 1080w\" sizes=\"(max-width: 800px) 100vw, 800px\" \/>\t\t\t\t\t\t\t\t<\/a>\n\t\t\t\t\t\t\t\t\t\t\t\t\t\t\t<\/div>\n\t\t\t\t<\/div>\n\t\t\t\t\t<\/div>\n\t\t<\/div>\n\t\t\t\t\t<\/div>\n\t\t<\/section>\n\t\t\t\t<section class=\"elementor-section elementor-top-section elementor-element elementor-element-4a76465 elementor-section-content-middle elementor-hidden-desktop elementor-hidden-tablet elementor-section-boxed elementor-section-height-default elementor-section-height-default\" data-id=\"4a76465\" data-element_type=\"section\" data-e-type=\"section\">\n\t\t\t\t\t\t<div class=\"elementor-container elementor-column-gap-default\">\n\t\t\t\t\t<div class=\"elementor-column elementor-col-50 elementor-top-column elementor-element elementor-element-4b5454a\" data-id=\"4b5454a\" data-element_type=\"column\" data-e-type=\"column\">\n\t\t\t<div class=\"elementor-widget-wrap elementor-element-populated\">\n\t\t\t\t<a class=\"eael-wrapper-link-93e5472 --eael-wrapper-link-tag\" href=\"\/en\/znamke\/deha\/\"><\/a>\t\t<div data-eael-wrapper-link=\"eael-wrapper-link-93e5472\" class=\"elementor-element elementor-element-93e5472 elementor-widget__width-initial brand-label elementor-widget elementor-widget-text-editor\" data-id=\"93e5472\" data-element_type=\"widget\" data-e-type=\"widget\" data-widget_type=\"text-editor.default\">\n\t\t\t\t<div class=\"elementor-widget-container\">\n\t\t\t\t\t\t\t\t\t<p><img loading=\"lazy\" decoding=\"async\" class=\"alignnone wp-image-1255\" src=\"https:\/\/trgovina-slam.si\/wp-content\/uploads\/2023\/10\/marina-yachting-logo-white.png\" alt=\"\" width=\"287\" height=\"100\" srcset=\"https:\/\/trgovina-slam.si\/wp-content\/uploads\/2023\/10\/marina-yachting-logo-white.png 902w, https:\/\/trgovina-slam.si\/wp-content\/uploads\/2023\/10\/marina-yachting-logo-white-300x104.png 300w, https:\/\/trgovina-slam.si\/wp-content\/uploads\/2023\/10\/marina-yachting-logo-white-600x209.png 600w, https:\/\/trgovina-slam.si\/wp-content\/uploads\/2023\/10\/marina-yachting-logo-white-768x267.png 768w\" sizes=\"(max-width: 287px) 100vw, 287px\" \/><\/p><p>Exceptional design, freedom, uniqueness and love of the sea: these are the values \u200b\u200bembodied by Marina Yachting.<\/p>\t\t\t\t\t\t\t\t<\/div>\n\t\t\t\t<\/div>\n\t\t\t\t\t<\/div>\n\t\t<\/div>\n\t\t\t\t<div class=\"elementor-column elementor-col-50 elementor-top-column elementor-element elementor-element-dc18e20\" data-id=\"dc18e20\" data-element_type=\"column\" data-e-type=\"column\">\n\t\t\t<div class=\"elementor-widget-wrap elementor-element-populated\">\n\t\t\t\t\t\t<div class=\"elementor-element elementor-element-eafc6f4 elementor-widget__width-initial elementor-widget elementor-widget-image\" data-id=\"eafc6f4\" data-element_type=\"widget\" data-e-type=\"widget\" data-widget_type=\"image.default\">\n\t\t\t\t<div class=\"elementor-widget-container\">\n\t\t\t\t\t\t\t\t\t\t\t\t\t\t\t\t<a href=\"\/en\/znamke\/marina-yachting\/\">\n\t\t\t\t\t\t\t<img loading=\"lazy\" decoding=\"async\" width=\"511\" height=\"364\" src=\"https:\/\/trgovina-slam.si\/wp-content\/uploads\/2023\/10\/marina-yachting-banner.png\" class=\"attachment-large size-large wp-image-1250\" alt=\"\" srcset=\"https:\/\/trgovina-slam.si\/wp-content\/uploads\/2023\/10\/marina-yachting-banner.png 511w, https:\/\/trgovina-slam.si\/wp-content\/uploads\/2023\/10\/marina-yachting-banner-300x214.png 300w\" sizes=\"(max-width: 511px) 100vw, 511px\" \/>\t\t\t\t\t\t\t\t<\/a>\n\t\t\t\t\t\t\t\t\t\t\t\t\t\t\t<\/div>\n\t\t\t\t<\/div>\n\t\t\t\t\t<\/div>\n\t\t<\/div>\n\t\t\t\t\t<\/div>\n\t\t<\/section>\n\t\t\t\t<\/div>","protected":false},"excerpt":{"rendered":"<p>Izdelki Rihunik predstavljajo vrednost blagovne znamke. Navdih zbirk izhaja iz nenehnega iskanja me\u0161anja sodobnosti in funkcionalnosti. Slavimo \u017eensko energijo z raziskovanjem najbolj\u0161ih materialov in skrbjo za podrobnosti. #FeelYourRhythm Izjemen dizajn, svoboda, edinstvenost in ljubezen do morja: to so vrednote, ki jih utele\u0161a Marina Yachting. Izdelki Rihunik predstavljajo vrednost blagovne znamke. Navdih zbirk izhaja iz nenehnega [&hellip;]<\/p>\n","protected":false},"author":1,"featured_media":0,"parent":0,"menu_order":0,"comment_status":"closed","ping_status":"closed","template":"","meta":{"_acf_changed":false,"om_disable_all_campaigns":false,"inline_featured_image":false,"_monsterinsights_skip_tracking":false,"_monsterinsights_sitenote_active":false,"_monsterinsights_sitenote_note":"","_monsterinsights_sitenote_category":0,"footnotes":""},"class_list":["post-1245","page","type-page","status-publish","hentry"],"acf":[],"aioseo_notices":[],"_links":{"self":[{"href":"https:\/\/trgovina-slam.si\/en\/wp-json\/wp\/v2\/pages\/1245","targetHints":{"allow":["GET"]}}],"collection":[{"href":"https:\/\/trgovina-slam.si\/en\/wp-json\/wp\/v2\/pages"}],"about":[{"href":"https:\/\/trgovina-slam.si\/en\/wp-json\/wp\/v2\/types\/page"}],"author":[{"embeddable":true,"href":"https:\/\/trgovina-slam.si\/en\/wp-json\/wp\/v2\/users\/1"}],"replies":[{"embeddable":true,"href":"https:\/\/trgovina-slam.si\/en\/wp-json\/wp\/v2\/comments?post=1245"}],"version-history":[{"count":34,"href":"https:\/\/trgovina-slam.si\/en\/wp-json\/wp\/v2\/pages\/1245\/revisions"}],"predecessor-version":[{"id":1765,"href":"https:\/\/trgovina-slam.si\/en\/wp-json\/wp\/v2\/pages\/1245\/revisions\/1765"}],"wp:attachment":[{"href":"https:\/\/trgovina-slam.si\/en\/wp-json\/wp\/v2\/media?parent=1245"}],"curies":[{"name":"wp","href":"https:\/\/api.w.org\/{rel}","templated":true}]}}